{"id":2468,"date":"2025-06-19T16:34:05","date_gmt":"2025-06-19T16:34:05","guid":{"rendered":"https:\/\/femiedegraaf.com\/?page_id=2468"},"modified":"2025-07-02T16:26:17","modified_gmt":"2025-07-02T16:26:17","slug":"blijf-verbonden","status":"publish","type":"page","link":"https:\/\/femiedegraaf.com\/index.php\/blijf-verbonden\/","title":{"rendered":"Blijf Verbonden"},"content":{"rendered":"\t\t<div data-elementor-type=\"wp-page\" data-elementor-id=\"2468\" class=\"elementor elementor-2468\">\n\t\t\t\t<div class=\"elementor-element elementor-element-0a27a97 e-flex e-con-boxed wpr-particle-no wpr-jarallax-no wpr-parallax-no wpr-sticky-section-no e-con e-parent\" data-id=\"0a27a97\" data-element_type=\"container\" data-settings=\"{&quot;background_background&quot;:&quot;classic&quot;}\">\n\t\t\t\t\t<div class=\"e-con-inner\">\n\t\t<div class=\"elementor-element elementor-element-3dc5aa7 e-con-full e-flex wpr-particle-no wpr-jarallax-no wpr-parallax-no wpr-sticky-section-no e-con e-child\" data-id=\"3dc5aa7\" data-element_type=\"container\">\n\t\t<div class=\"elementor-element elementor-element-070272a e-con-full e-flex wpr-particle-no wpr-jarallax-no wpr-parallax-no wpr-sticky-section-no e-con e-child\" data-id=\"070272a\" data-element_type=\"container\">\n\t\t<a class=\"eael-wrapper-link-cc2de68 --eael-wrapper-link-tag\" href=\"https:\/\/femiedegraaf.com\/index.php\/projecten\/\"><\/a>\t\t<div data-eael-wrapper-link=\"eael-wrapper-link-cc2de68\" class=\"elementor-element elementor-element-cc2de68 elementor-widget elementor-widget-text-editor\" data-id=\"cc2de68\" data-element_type=\"widget\" data-widget_type=\"text-editor.default\">\n\t\t\t\t<div class=\"elementor-widget-container\">\n\t\t\t\t\t\t\t\t\t<p><b><i><u>&lt; Terug naar projecten<\/u><\/i><\/b><\/p>\t\t\t\t\t\t\t\t<\/div>\n\t\t\t\t<\/div>\n\t\t\t\t<div class=\"elementor-element elementor-element-4f97f15 elementor-widget elementor-widget-heading\" data-id=\"4f97f15\" data-element_type=\"widget\" data-widget_type=\"heading.default\">\n\t\t\t\t<div class=\"elementor-widget-container\">\n\t\t\t\t\t<h2 class=\"elementor-heading-title elementor-size-default\">Blijf Verbonden<\/h2>\t\t\t\t<\/div>\n\t\t\t\t<\/div>\n\t\t\t\t<div class=\"elementor-element elementor-element-3537e23 elementor-widget elementor-widget-text-editor\" data-id=\"3537e23\" data-element_type=\"widget\" data-widget_type=\"text-editor.default\">\n\t\t\t\t<div class=\"elementor-widget-container\">\n\t\t\t\t\t\t\t\t\t<p>Een videoclip-campagne over partnergeweld onder jongeren in samenwerking met\u00a0<i><u><b>Sterk Huis<\/b><\/u><\/i>\u00a0en Singer-songwriter<b><u><i>\u00a0Muse dam\u00e9<\/i><\/u><\/b>.<\/p>\t\t\t\t\t\t\t\t<\/div>\n\t\t\t\t<\/div>\n\t\t\t\t<div class=\"elementor-element elementor-element-8645ccf elementor-widget elementor-widget-text-editor\" data-id=\"8645ccf\" data-element_type=\"widget\" data-widget_type=\"text-editor.default\">\n\t\t\t\t<div class=\"elementor-widget-container\">\n\t\t\t\t\t\t\t\t\t<p data-start=\"387\" data-end=\"571\"><strong data-start=\"387\" data-end=\"409\">Vraagstuk &amp; Aanpak<\/strong><br data-start=\"409\" data-end=\"412\">Samen met Yasmine Quanjel hebben we deze campagne opgezet en daar Sterk Huis en Muse dam\u00e9 bij betrokken. Yasmine als producent, ik als regisseur. Hoe maak je een campagnevideo over partnergeweld die \u00e9cht raakt, zonder te vervallen in clich\u00e9s of voorspelbare beelden?<\/p>\n<p data-start=\"573\" data-end=\"917\">Dat was de grootste uitdaging bij het maken van deze videoclipcampagne. Hoe brengen we de harde realiteit over zonder terug te vallen op het bekende beeld van scherven, geschreeuw en lichamelijk geweld? Precies d\u00e1t wilden we vermijden. We wilden voorkomen dat kijkers zouden denken: <em data-start=\"822\" data-end=\"852\">\u201cJa, dit verhaal ken ik al.\u201d<\/em> Of erger nog: dat ze zouden afhaken of in de weerstand schieten. Partnergeweld is meer dan fysieke mishandeling. Het zit in mentale controle, in emotionele verwarring, in de ondermijning van je zelfbeeld. Die complexiteit wilden we voelbaar maken.<\/p>\n<p data-start=\"1354\" data-end=\"1674\">Om de campagne waarheidsgetrouw te maken hebben we ons intensief verdiept in het ondewerp. Samen met slachtoffers, hulpverleners en experts zijn we het gesprek aangegaan. We hebben geluisterd, geobserveerd en steeds opnieuw afgewogen: klopt dit? Is het waarachtig? Pas daarna zijn we gaan schrijven.&nbsp;<span style=\"font-size: 1rem;\">Het resultaat is een videoclip die niet alleen vertelt, maar vooral laat voelen hoe het is om vast te zitten in een relatie die je langzaam breekt.&nbsp;<\/span><\/p>\t\t\t\t\t\t\t\t<\/div>\n\t\t\t\t<\/div>\n\t\t\t\t<div class=\"elementor-element elementor-element-61b18c2 elementor-widget elementor-widget-heading\" data-id=\"61b18c2\" data-element_type=\"widget\" data-widget_type=\"heading.default\">\n\t\t\t\t<div class=\"elementor-widget-container\">\n\t\t\t\t\t<h2 class=\"elementor-heading-title elementor-size-default\">Materiaal<\/h2>\t\t\t\t<\/div>\n\t\t\t\t<\/div>\n\t\t\t\t<div class=\"elementor-element elementor-element-3c5e3ac elementor-widget elementor-widget-text-editor\" data-id=\"3c5e3ac\" data-element_type=\"widget\" data-widget_type=\"text-editor.default\">\n\t\t\t\t<div class=\"elementor-widget-container\">\n\t\t\t\t\t\t\t\t\t<p>Videoclip, Social media, Verfilmd interview met slachtoffer.<\/p>\t\t\t\t\t\t\t\t<\/div>\n\t\t\t\t<\/div>\n\t\t\t\t<div class=\"elementor-element elementor-element-6902d6a elementor-widget elementor-widget-video\" data-id=\"6902d6a\" data-element_type=\"widget\" data-settings=\"{&quot;youtube_url&quot;:&quot;https:\\\/\\\/www.youtube.com\\\/watch?v=2RTJZDfwvzM&quot;,&quot;video_type&quot;:&quot;youtube&quot;}\" data-widget_type=\"video.default\">\n\t\t\t\t<div class=\"elementor-widget-container\">\n\t\t\t\t\t\t\t<div class=\"elementor-wrapper elementor-open-inline\">\n\t\t\t<div class=\"elementor-video\"><\/div>\t\t<\/div>\n\t\t\t\t\t\t<\/div>\n\t\t\t\t<\/div>\n\t\t\t\t<\/div>\n\t\t<div class=\"elementor-element elementor-element-af4155a e-con-full e-flex wpr-particle-no wpr-jarallax-no wpr-parallax-no wpr-sticky-section-no e-con e-child\" data-id=\"af4155a\" data-element_type=\"container\">\n\t\t\t\t<div class=\"elementor-element elementor-element-adcd6c7 elementor-widget elementor-widget-heading\" data-id=\"adcd6c7\" data-element_type=\"widget\" data-widget_type=\"heading.default\">\n\t\t\t\t<div class=\"elementor-widget-container\">\n\t\t\t\t\t<h2 class=\"elementor-heading-title elementor-size-default\">Stills<\/h2>\t\t\t\t<\/div>\n\t\t\t\t<\/div>\n\t\t\t\t<div class=\"elementor-element elementor-element-541ff18 elementor-arrows-position-inside elementor-pagination-position-outside elementor-widget elementor-widget-image-carousel\" data-id=\"541ff18\" data-element_type=\"widget\" data-settings=\"{&quot;slides_to_show&quot;:&quot;1&quot;,&quot;navigation&quot;:&quot;both&quot;,&quot;autoplay&quot;:&quot;yes&quot;,&quot;pause_on_hover&quot;:&quot;yes&quot;,&quot;pause_on_interaction&quot;:&quot;yes&quot;,&quot;autoplay_speed&quot;:5000,&quot;infinite&quot;:&quot;yes&quot;,&quot;effect&quot;:&quot;slide&quot;,&quot;speed&quot;:500}\" data-widget_type=\"image-carousel.default\">\n\t\t\t\t<div class=\"elementor-widget-container\">\n\t\t\t\t\t\t\t<div class=\"elementor-image-carousel-wrapper swiper\" role=\"region\" aria-roledescription=\"carousel\" aria-label=\"Afbeelding carrousel\" dir=\"ltr\">\n\t\t\t<div class=\"elementor-image-carousel swiper-wrapper\" aria-live=\"off\">\n\t\t\t\t\t\t\t\t<div class=\"swiper-slide\" role=\"group\" aria-roledescription=\"slide\" aria-label=\"1 van 1\"><figure class=\"swiper-slide-inner\"><img decoding=\"async\" class=\"swiper-slide-image\" src=\"https:\/\/femiedegraaf.com\/wp-content\/uploads\/2025\/06\/Still-Verbonden-scaled.png\" alt=\"Still Verbonden\" \/><\/figure><\/div>\t\t\t<\/div>\n\t\t\t\t\t<\/div>\n\t\t\t\t\t\t<\/div>\n\t\t\t\t<\/div>\n\t\t\t\t<div class=\"elementor-element elementor-element-4af629b elementor-widget elementor-widget-heading\" data-id=\"4af629b\" data-element_type=\"widget\" data-widget_type=\"heading.default\">\n\t\t\t\t<div class=\"elementor-widget-container\">\n\t\t\t\t\t<h2 class=\"elementor-heading-title elementor-size-default\">Achter de schermen<\/h2>\t\t\t\t<\/div>\n\t\t\t\t<\/div>\n\t\t\t\t<div class=\"elementor-element elementor-element-1fcd0d6 elementor-arrows-position-inside elementor-pagination-position-outside elementor-widget elementor-widget-image-carousel\" data-id=\"1fcd0d6\" data-element_type=\"widget\" data-settings=\"{&quot;slides_to_show&quot;:&quot;1&quot;,&quot;navigation&quot;:&quot;both&quot;,&quot;autoplay&quot;:&quot;yes&quot;,&quot;pause_on_hover&quot;:&quot;yes&quot;,&quot;pause_on_interaction&quot;:&quot;yes&quot;,&quot;autoplay_speed&quot;:5000,&quot;infinite&quot;:&quot;yes&quot;,&quot;effect&quot;:&quot;slide&quot;,&quot;speed&quot;:500}\" data-widget_type=\"image-carousel.default\">\n\t\t\t\t<div class=\"elementor-widget-container\">\n\t\t\t\t\t\t\t<div class=\"elementor-image-carousel-wrapper swiper\" role=\"region\" aria-roledescription=\"carousel\" aria-label=\"Afbeelding carrousel\" dir=\"ltr\">\n\t\t\t<div class=\"elementor-image-carousel swiper-wrapper\" aria-live=\"off\">\n\t\t\t\t\t\t\t\t<div class=\"swiper-slide\" role=\"group\" aria-roledescription=\"slide\" aria-label=\"1 van 9\"><figure class=\"swiper-slide-inner\"><img decoding=\"async\" class=\"swiper-slide-image\" src=\"https:\/\/femiedegraaf.com\/wp-content\/uploads\/2025\/07\/Verbonden_campagne-028-scaled.jpg\" alt=\"Verbonden_campagne-028\" \/><\/figure><\/div><div class=\"swiper-slide\" role=\"group\" aria-roledescription=\"slide\" aria-label=\"2 van 9\"><figure class=\"swiper-slide-inner\"><img decoding=\"async\" class=\"swiper-slide-image\" src=\"https:\/\/femiedegraaf.com\/wp-content\/uploads\/2025\/07\/Verbonden_campagne-035-scaled.jpg\" alt=\"Verbonden_campagne-035\" \/><\/figure><\/div><div class=\"swiper-slide\" role=\"group\" aria-roledescription=\"slide\" aria-label=\"3 van 9\"><figure class=\"swiper-slide-inner\"><img decoding=\"async\" class=\"swiper-slide-image\" src=\"https:\/\/femiedegraaf.com\/wp-content\/uploads\/2025\/07\/Verbonden_campagne-037-scaled.jpg\" alt=\"Verbonden_campagne-037\" \/><\/figure><\/div><div class=\"swiper-slide\" role=\"group\" aria-roledescription=\"slide\" aria-label=\"4 van 9\"><figure class=\"swiper-slide-inner\"><img decoding=\"async\" class=\"swiper-slide-image\" src=\"https:\/\/femiedegraaf.com\/wp-content\/uploads\/2025\/07\/Verbonden_campagne-062-scaled.jpg\" alt=\"Verbonden_campagne-062\" \/><\/figure><\/div><div class=\"swiper-slide\" role=\"group\" aria-roledescription=\"slide\" aria-label=\"5 van 9\"><figure class=\"swiper-slide-inner\"><img decoding=\"async\" class=\"swiper-slide-image\" src=\"https:\/\/femiedegraaf.com\/wp-content\/uploads\/2025\/07\/Verbonden_campagne-065-scaled.jpg\" alt=\"Verbonden_campagne-065\" \/><\/figure><\/div><div class=\"swiper-slide\" role=\"group\" aria-roledescription=\"slide\" aria-label=\"6 van 9\"><figure class=\"swiper-slide-inner\"><img decoding=\"async\" class=\"swiper-slide-image\" src=\"https:\/\/femiedegraaf.com\/wp-content\/uploads\/2025\/07\/Samenwerken.jpg\" alt=\"Samenwerken\" \/><\/figure><\/div><div class=\"swiper-slide\" role=\"group\" aria-roledescription=\"slide\" aria-label=\"7 van 9\"><figure class=\"swiper-slide-inner\"><img decoding=\"async\" class=\"swiper-slide-image\" src=\"https:\/\/femiedegraaf.com\/wp-content\/uploads\/2025\/06\/Blijf-verbonden-Yasmine-1.png\" alt=\"Blijf verbonden -Yasmine\" \/><\/figure><\/div><div class=\"swiper-slide\" role=\"group\" aria-roledescription=\"slide\" aria-label=\"8 van 9\"><figure class=\"swiper-slide-inner\"><img decoding=\"async\" class=\"swiper-slide-image\" src=\"https:\/\/femiedegraaf.com\/wp-content\/uploads\/2025\/06\/Blijf-verbonden-eerste-post-2.png\" alt=\"Blijf verbonden - eerste post\" \/><\/figure><\/div><div class=\"swiper-slide\" role=\"group\" aria-roledescription=\"slide\" aria-label=\"9 van 9\"><figure class=\"swiper-slide-inner\"><img decoding=\"async\" class=\"swiper-slide-image\" src=\"https:\/\/femiedegraaf.com\/wp-content\/uploads\/2025\/06\/Blijf-verbonden-Femie-1.png\" alt=\"Blijf verbonden - Femie\" \/><\/figure><\/div>\t\t\t<\/div>\n\t\t\t\t\t\t\t\t\t\t\t\t<div class=\"elementor-swiper-button elementor-swiper-button-prev\" role=\"button\" tabindex=\"0\">\n\t\t\t\t\t\t<svg aria-hidden=\"true\" class=\"e-font-icon-svg e-eicon-chevron-left\" viewBox=\"0 0 1000 1000\" xmlns=\"http:\/\/www.w3.org\/2000\/svg\"><path d=\"M646 125C629 125 613 133 604 142L308 442C296 454 292 471 292 487 292 504 296 521 308 533L604 854C617 867 629 875 646 875 663 875 679 871 692 858 704 846 713 829 713 812 713 796 708 779 692 767L438 487 692 225C700 217 708 204 708 187 708 171 704 154 692 142 675 129 663 125 646 125Z\"><\/path><\/svg>\t\t\t\t\t<\/div>\n\t\t\t\t\t<div class=\"elementor-swiper-button elementor-swiper-button-next\" role=\"button\" tabindex=\"0\">\n\t\t\t\t\t\t<svg aria-hidden=\"true\" class=\"e-font-icon-svg e-eicon-chevron-right\" viewBox=\"0 0 1000 1000\" xmlns=\"http:\/\/www.w3.org\/2000\/svg\"><path d=\"M696 533C708 521 713 504 713 487 713 471 708 454 696 446L400 146C388 133 375 125 354 125 338 125 325 129 313 142 300 154 292 171 292 187 292 204 296 221 308 233L563 492 304 771C292 783 288 800 288 817 288 833 296 850 308 863 321 871 338 875 354 875 371 875 388 867 400 854L696 533Z\"><\/path><\/svg>\t\t\t\t\t<\/div>\n\t\t\t\t\n\t\t\t\t\t\t\t\t\t<div class=\"swiper-pagination\"><\/div>\n\t\t\t\t\t\t\t\t\t<\/div>\n\t\t\t\t\t\t<\/div>\n\t\t\t\t<\/div>\n\t\t\t\t<\/div>\n\t\t\t\t<\/div>\n\t\t\t\t\t<\/div>\n\t\t\t\t<\/div>\n\t\t\t\t<\/div>\n\t\t","protected":false},"excerpt":{"rendered":"<p>&lt; Terug naar projecten Blijf Verbonden Een videoclip-campagne over partnergeweld onder jongeren in samenwerking met\u00a0Sterk Huis\u00a0en Singer-songwriter\u00a0Muse dam\u00e9. Vraagstuk &amp; AanpakSamen met Yasmine Quanjel hebben we deze campagne opgezet en daar Sterk Huis en Muse dam\u00e9 bij betrokken. Yasmine als producent, ik als regisseur. Hoe maak je een campagnevideo over partnergeweld die \u00e9cht raakt, zonder te vervallen in clich\u00e9s of voorspelbare beelden? Dat was de grootste uitdaging bij het maken van deze videoclipcampagne. Hoe brengen we de harde realiteit over zonder terug te vallen op het bekende beeld van scherven, geschreeuw en lichamelijk geweld? Precies d\u00e1t wilden we vermijden. We wilden voorkomen dat kijkers zouden denken: \u201cJa, dit verhaal ken ik al.\u201d Of erger nog: dat ze zouden afhaken of in de weerstand schieten. Partnergeweld is meer dan fysieke mishandeling. Het zit in mentale controle, in emotionele verwarring, in de ondermijning van je zelfbeeld. Die complexiteit wilden we voelbaar maken. Om de campagne waarheidsgetrouw te maken hebben we ons intensief verdiept in het ondewerp. Samen met slachtoffers, hulpverleners en experts zijn we het gesprek aangegaan. We hebben geluisterd, geobserveerd en steeds opnieuw afgewogen: klopt dit? Is het waarachtig? Pas daarna zijn we gaan schrijven.&nbsp;Het resultaat is een videoclip die niet alleen vertelt, maar vooral laat voelen hoe het is om vast te zitten in een relatie die je langzaam breekt.&nbsp; Materiaal Videoclip, Social media, Verfilmd interview met slachtoffer. https:\/\/www.youtube.com\/watch?v=2RTJZDfwvzM Stills Achter de schermen<\/p>\n","protected":false},"author":1,"featured_media":0,"parent":0,"menu_order":0,"comment_status":"closed","ping_status":"closed","template":"","meta":{"footnotes":""},"class_list":["post-2468","page","type-page","status-publish","hentry"],"_links":{"self":[{"href":"https:\/\/femiedegraaf.com\/index.php\/wp-json\/wp\/v2\/pages\/2468","targetHints":{"allow":["GET"]}}],"collection":[{"href":"https:\/\/femiedegraaf.com\/index.php\/wp-json\/wp\/v2\/pages"}],"about":[{"href":"https:\/\/femiedegraaf.com\/index.php\/wp-json\/wp\/v2\/types\/page"}],"author":[{"embeddable":true,"href":"https:\/\/femiedegraaf.com\/index.php\/wp-json\/wp\/v2\/users\/1"}],"replies":[{"embeddable":true,"href":"https:\/\/femiedegraaf.com\/index.php\/wp-json\/wp\/v2\/comments?post=2468"}],"version-history":[{"count":0,"href":"https:\/\/femiedegraaf.com\/index.php\/wp-json\/wp\/v2\/pages\/2468\/revisions"}],"wp:attachment":[{"href":"https:\/\/femiedegraaf.com\/index.php\/wp-json\/wp\/v2\/media?parent=2468"}],"curies":[{"name":"wp","href":"https:\/\/api.w.org\/{rel}","templated":true}]}}